{"id":3,"date":"2026-04-07T20:49:39","date_gmt":"2026-04-07T20:49:39","guid":{"rendered":"http:\/\/carolinadarias.es\/?page_id=3"},"modified":"2026-04-08T17:27:22","modified_gmt":"2026-04-08T17:27:22","slug":"privacy-policy","status":"publish","type":"page","link":"https:\/\/carolinadarias.es\/index.php\/privacy-policy\/","title":{"rendered":"SOBRE MI"},"content":{"rendered":"\n<h2 class=\"wp-block-heading\"><\/h2>\n\n\n\n<p> Nac\u00ed el 25 de noviembre de 1965 en Las Palmas de Gran Canaria, en la isla de Gran Canaria (Espa\u00f1a). Desde muy joven mostr\u00e9 inter\u00e9s por el \u00e1mbito jur\u00eddico y el servicio p\u00fablico, lo que me llev\u00f3 a cursar estudios de Derecho en la Universidad de La Laguna, donde me licenci\u00e9. Posteriormente, acced\u00ed al cuerpo de funcionarios de la Administraci\u00f3n P\u00fablica, desarrollando una s\u00f3lida carrera en la gesti\u00f3n institucional.<\/p>\n\n\n\n<p>Mi trayectoria pol\u00edtica comenz\u00f3 a consolidarse en el \u00e1mbito auton\u00f3mico a finales de los a\u00f1os noventa. En 1999 fui elegida diputada en el Parlamento de Canarias, iniciando as\u00ed una etapa de creciente responsabilidad pol\u00edtica dentro del Partido Socialista Obrero Espa\u00f1ol (PSOE).<\/p>\n\n\n\n<p>Entre 2007 y 2015 desempe\u00f1\u00e9 el cargo de delegada del Gobierno de Canarias en Gran Canaria, donde destaqu\u00e9 por mi labor de coordinaci\u00f3n institucional y mi compromiso con la ciudadan\u00eda. En 2015 fui elegida presidenta del Parlamento de Canarias, convirti\u00e9ndome en la primera mujer en ocupar este cargo, que ejerc\u00ed hasta 2019.<\/p>\n\n\n\n<p>En julio de 2019 fui nombrada consejera de Econom\u00eda, Conocimiento y Empleo del Gobierno de Canarias, donde impuls\u00e9 pol\u00edticas orientadas al desarrollo econ\u00f3mico y la innovaci\u00f3n. Mi perfil t\u00e9cnico y pol\u00edtico me llev\u00f3, en enero de 2020, a ser designada ministra de Pol\u00edtica Territorial y Funci\u00f3n P\u00fablica del Gobierno de Espa\u00f1a.<\/p>\n\n\n\n<p>El 26 de enero de 2021 asum\u00ed el cargo de ministra de Sanidad, en un contexto especialmente complejo marcado por la pandemia de COVID-19. Durante mi mandato, lider\u00e9 la estrategia de vacunaci\u00f3n a nivel nacional y la coordinaci\u00f3n del sistema sanitario frente a la crisis sanitaria, desempe\u00f1ando esta responsabilidad hasta marzo de 2023.<\/p>\n\n\n\n<p>En mayo de 2023 fui elegida alcaldesa de Las Palmas de Gran Canaria, convirti\u00e9ndome en la primera mujer socialista en ocupar este cargo en la ciudad. Desde entonces, he centrado mi gesti\u00f3n en el desarrollo sostenible, la cohesi\u00f3n social y la modernizaci\u00f3n de la capital grancanaria.<\/p>\n\n\n\n<p><\/p>\n","protected":false},"excerpt":{"rendered":"<p>Nac\u00ed el 25 de noviembre de 1965 en Las Palmas de Gran Canaria, en la isla de Gran Canaria (Espa\u00f1a). Desde muy joven mostr\u00e9 inter\u00e9s por el \u00e1mbito jur\u00eddico y el servicio p\u00fablico, lo que me llev\u00f3 a cursar estudios de Derecho en la Universidad de La Laguna, donde me licenci\u00e9. Posteriormente, acced\u00ed al cuerpo [&hellip;]<\/p>\n","protected":false},"author":1,"featured_media":0,"parent":0,"menu_order":0,"comment_status":"closed","ping_status":"open","template":"","meta":{"_kadence_starter_templates_imported_post":false,"footnotes":""},"class_list":["post-3","page","type-page","status-publish","hentry"],"_links":{"self":[{"href":"https:\/\/carolinadarias.es\/index.php\/wp-json\/wp\/v2\/pages\/3","targetHints":{"allow":["GET"]}}],"collection":[{"href":"https:\/\/carolinadarias.es\/index.php\/wp-json\/wp\/v2\/pages"}],"about":[{"href":"https:\/\/carolinadarias.es\/index.php\/wp-json\/wp\/v2\/types\/page"}],"author":[{"embeddable":true,"href":"https:\/\/carolinadarias.es\/index.php\/wp-json\/wp\/v2\/users\/1"}],"replies":[{"embeddable":true,"href":"https:\/\/carolinadarias.es\/index.php\/wp-json\/wp\/v2\/comments?post=3"}],"version-history":[{"count":2,"href":"https:\/\/carolinadarias.es\/index.php\/wp-json\/wp\/v2\/pages\/3\/revisions"}],"predecessor-version":[{"id":146,"href":"https:\/\/carolinadarias.es\/index.php\/wp-json\/wp\/v2\/pages\/3\/revisions\/146"}],"wp:attachment":[{"href":"https:\/\/carolinadarias.es\/index.php\/wp-json\/wp\/v2\/media?parent=3"}],"curies":[{"name":"wp","href":"https:\/\/api.w.org\/{rel}","templated":true}]}}